{"id":84752,"date":"2024-11-26T16:13:58","date_gmt":"2024-11-26T15:13:58","guid":{"rendered":"https:\/\/www.autologg.com\/?page_id=84752"},"modified":"2024-11-26T16:13:58","modified_gmt":"2024-11-26T15:13:58","slug":"kuendigung","status":"publish","type":"page","link":"https:\/\/www.autologg.com\/de\/support\/kuendigung\/","title":{"rendered":"K\u00fcndigung"},"content":{"rendered":"<p>[et_pb_section fb_built=&#8220;1&#8243; custom_padding_last_edited=&#8220;on|phone&#8220; _builder_version=&#8220;4.17.6&#8243; background_color=&#8220;#f0f4fa&#8220; custom_padding=&#8220;50px|0px|100px|0px||&#8220; custom_padding_tablet=&#8220;&#8220; custom_padding_phone=&#8220;10px|||&#8220; global_colors_info=&#8220;{}&#8220;][et_pb_row custom_padding_last_edited=&#8220;on|phone&#8220; _builder_version=&#8220;4.16&#8243; custom_margin_tablet=&#8220;&#8220; custom_margin_phone=&#8220;&#8220; custom_margin_last_edited=&#8220;on|tablet&#8220; custom_padding=&#8220;3px|0px|17px|0px||&#8220; custom_padding_tablet=&#8220;30px|0px|0px|0px&#8220; custom_padding_phone=&#8220;||0px|&#8220; global_colors_info=&#8220;{}&#8220;][et_pb_column type=&#8220;4_4&#8243; _builder_version=&#8220;4.16&#8243; custom_padding=&#8220;|||&#8220; global_colors_info=&#8220;{}&#8220; custom_padding__hover=&#8220;|||&#8220;][et_pb_text _builder_version=&#8220;4.17.6&#8243; header_font=&#8220;||||||||&#8220; header_text_align=&#8220;center&#8220; header_line_height=&#8220;1.2em&#8220; custom_margin=&#8220;||10px|&#8220; custom_margin_tablet=&#8220;&#8220; custom_margin_phone=&#8220;&#8220; custom_margin_last_edited=&#8220;on|desktop&#8220; header_font_size_tablet=&#8220;35px&#8220; header_font_size_phone=&#8220;30px&#8220; header_font_size_last_edited=&#8220;on|phone&#8220; global_colors_info=&#8220;{}&#8220;]<\/p>\n<h1>K\u00fcndigung<\/h1>\n<p>[\/et_pb_text][\/et_pb_column][\/et_pb_row][et_pb_row column_structure=&#8220;2_5,3_5&#8243; use_custom_gutter=&#8220;on&#8220; gutter_width=&#8220;2&#8243; make_equal=&#8220;on&#8220; custom_padding_last_edited=&#8220;on|phone&#8220; _builder_version=&#8220;4.17.6&#8243; custom_padding=&#8220;30px|0px|27px|0px&#8220; custom_padding_tablet=&#8220;&#8220; custom_padding_phone=&#8220;&#8220; global_colors_info=&#8220;{}&#8220;][et_pb_column type=&#8220;2_5&#8243; _builder_version=&#8220;4.16&#8243; custom_padding=&#8220;|||&#8220; global_colors_info=&#8220;{}&#8220; custom_padding__hover=&#8220;|||&#8220;][et_pb_text _builder_version=&#8220;4.17.6&#8243; text_font=&#8220;||||||||&#8220; text_text_color=&#8220;#1ea0ef&#8220; header_font=&#8220;||||||||&#8220; header_2_font=&#8220;||||||||&#8220; header_2_text_align=&#8220;center&#8220; header_2_font_size=&#8220;30px&#8220; header_2_line_height=&#8220;1.2em&#8220; header_3_font=&#8220;||||||||&#8220; header_3_font_size=&#8220;45px&#8220; custom_margin=&#8220;||10px|&#8220; custom_margin_tablet=&#8220;||0px|&#8220; custom_margin_phone=&#8220;||0px|&#8220; custom_margin_last_edited=&#8220;on|phone&#8220; custom_padding=&#8220;|||&#8220; custom_padding_tablet=&#8220;|||&#8220; custom_padding_phone=&#8220;&#8220; custom_padding_last_edited=&#8220;on|tablet&#8220; header_2_font_size_tablet=&#8220;30px&#8220; header_2_font_size_phone=&#8220;25px&#8220; header_2_font_size_last_edited=&#8220;on|phone&#8220; header_3_font_size_tablet=&#8220;30px&#8220; header_3_font_size_phone=&#8220;25px&#8220; header_3_font_size_last_edited=&#8220;on|phone&#8220; global_colors_info=&#8220;{}&#8220;]<\/p>\n<h2 style=\"text-align: left;\">So kannst du deine Lizenz deaktivieren<\/h2>\n<p>[\/et_pb_text][et_pb_text _builder_version=&#8220;4.17.6&#8243; _module_preset=&#8220;default&#8220; global_colors_info=&#8220;{}&#8220;]<\/p>\n<p>Bitte beachte, dass nach K\u00fcndigung die Fahrtenaufzeichnung beendet wird.<\/p>\n<p>[\/et_pb_text][\/et_pb_column][et_pb_column type=&#8220;3_5&#8243; _builder_version=&#8220;4.17.6&#8243; background_color=&#8220;#FFFFFF&#8220; custom_padding=&#8220;20px|20px|20px|20px|true|true&#8220; border_radii=&#8220;on|15px|15px|15px|15px&#8220; global_colors_info=&#8220;{}&#8220; custom_padding__hover=&#8220;|||&#8220;][et_pb_text _builder_version=&#8220;4.17.6&#8243; text_font=&#8220;|600|||||||&#8220; text_font_size=&#8220;18px&#8220; text_line_height=&#8220;1.6em&#8220; custom_margin=&#8220;10px|||&#8220; custom_margin_tablet=&#8220;0px|||&#8220; custom_margin_phone=&#8220;&#8220; custom_margin_last_edited=&#8220;on|phone&#8220; custom_padding=&#8220;|||&#8220; global_colors_info=&#8220;{}&#8220;]<\/p>\n<p>Bitte f\u00fclle das nachstehende Formular aus<\/p>\n<p>[\/et_pb_text][et_pb_contact_form email=&#8220;support@autologg.com&#8220; _builder_version=&#8220;4.17.6&#8243; _module_preset=&#8220;default&#8220; _unique_id=&#8220;062c9da2-15d2-4713-b5c9-3c036c5878be&#8220; form_field_background_color=&#8220;#f0f4fa&#8220; custom_button=&#8220;on&#8220; button_text_color=&#8220;#FFFFFF&#8220; button_bg_color=&#8220;#1EA0EF&#8220; hover_enabled=&#8220;0&#8243; border_radii=&#8220;on|15px|15px|15px|15px&#8220; global_colors_info=&#8220;{}&#8220; sticky_enabled=&#8220;0&#8243;][et_pb_contact_field field_id=&#8220;Name&#8220; field_title=&#8220;Name*&#8220; _builder_version=&#8220;4.17.6&#8243; global_colors_info=&#8220;{}&#8220; button_text_size__hover_enabled=&#8220;off&#8220; button_one_text_size__hover_enabled=&#8220;off&#8220; button_two_text_size__hover_enabled=&#8220;off&#8220; button_text_color__hover_enabled=&#8220;off&#8220; button_one_text_color__hover_enabled=&#8220;off&#8220; button_two_text_color__hover_enabled=&#8220;off&#8220; button_border_width__hover_enabled=&#8220;off&#8220; button_one_border_width__hover_enabled=&#8220;off&#8220; button_two_border_width__hover_enabled=&#8220;off&#8220; button_border_color__hover_enabled=&#8220;off&#8220; button_one_border_color__hover_enabled=&#8220;off&#8220; button_two_border_color__hover_enabled=&#8220;off&#8220; button_border_radius__hover_enabled=&#8220;off&#8220; button_one_border_radius__hover_enabled=&#8220;off&#8220; button_two_border_radius__hover_enabled=&#8220;off&#8220; button_letter_spacing__hover_enabled=&#8220;off&#8220; button_one_letter_spacing__hover_enabled=&#8220;off&#8220; button_two_letter_spacing__hover_enabled=&#8220;off&#8220; button_bg_color__hover_enabled=&#8220;off&#8220; button_one_bg_color__hover_enabled=&#8220;off&#8220; button_two_bg_color__hover_enabled=&#8220;off&#8220;][\/et_pb_contact_field][et_pb_contact_field field_id=&#8220;Email&#8220; field_title=&#8220;E-Mail-Adresse*&#8220; field_type=&#8220;email&#8220; _builder_version=&#8220;4.17.6&#8243; global_colors_info=&#8220;{}&#8220; button_text_size__hover_enabled=&#8220;off&#8220; button_one_text_size__hover_enabled=&#8220;off&#8220; button_two_text_size__hover_enabled=&#8220;off&#8220; button_text_color__hover_enabled=&#8220;off&#8220; button_one_text_color__hover_enabled=&#8220;off&#8220; button_two_text_color__hover_enabled=&#8220;off&#8220; button_border_width__hover_enabled=&#8220;off&#8220; button_one_border_width__hover_enabled=&#8220;off&#8220; button_two_border_width__hover_enabled=&#8220;off&#8220; button_border_color__hover_enabled=&#8220;off&#8220; button_one_border_color__hover_enabled=&#8220;off&#8220; button_two_border_color__hover_enabled=&#8220;off&#8220; button_border_radius__hover_enabled=&#8220;off&#8220; button_one_border_radius__hover_enabled=&#8220;off&#8220; button_two_border_radius__hover_enabled=&#8220;off&#8220; button_letter_spacing__hover_enabled=&#8220;off&#8220; button_one_letter_spacing__hover_enabled=&#8220;off&#8220; button_two_letter_spacing__hover_enabled=&#8220;off&#8220; button_bg_color__hover_enabled=&#8220;off&#8220; button_one_bg_color__hover_enabled=&#8220;off&#8220; button_two_bg_color__hover_enabled=&#8220;off&#8220;][\/et_pb_contact_field][et_pb_contact_field field_id=&#8220;AutoLogg-ID&#8220; field_title=&#8220;Abo-Nummer, Bestellnummer oder AutoLogg-ID*&#8220; fullwidth_field=&#8220;on&#8220; _builder_version=&#8220;4.17.6&#8243; _module_preset=&#8220;default&#8220; hover_enabled=&#8220;0&#8243; global_colors_info=&#8220;{}&#8220; sticky_enabled=&#8220;0&#8243;][\/et_pb_contact_field][et_pb_contact_field field_id=&#8220;K\u00fcndigungsgrund&#8220; field_title=&#8220;Warum m\u00f6chtest du k\u00fcndigen?*&#8220; field_type=&#8220;checkbox&#8220; checkbox_options=&#8220;%91{%22value%22:%22Mit meinem Fahrzeug nicht kompatibel%22,%22checked%22:0,%22dragID%22:-1},{%22value%22:%22Software gef\u00e4llt mir nicht%22,%22checked%22:0,%22dragID%22:0,%22link_url%22:%22%22,%22link_text%22:%22%22},{%22value%22:%22Versand hat zu lange gedauert%22,%22checked%22:0,%22dragID%22:1},{%22value%22:%22Wird nicht mehr ben\u00f6tigt%22,%22checked%22:0,%22dragID%22:2},{%22value%22:%22Mir fehlen Funktionen%22,%22checked%22:0,%22dragID%22:3},{%22value%22:%22Sonstiges%22,%22checked%22:0,%22dragID%22:4}%93&#8243; fullwidth_field=&#8220;on&#8220; _builder_version=&#8220;4.17.6&#8243; _module_preset=&#8220;default&#8220; global_colors_info=&#8220;{}&#8220;][\/et_pb_contact_field][et_pb_contact_field field_id=&#8220;Feedback_allgemein&#8220; field_title=&#8220;\u00dcber Feedback freuen wir uns riesig. Teile uns hier mit, was dir nicht gefallen hat. Dann k\u00f6nnen wir das k\u00fcnftig besser machen.&#8220; field_type=&#8220;text&#8220; required_mark=&#8220;off&#8220; fullwidth_field=&#8220;on&#8220; _builder_version=&#8220;4.17.6&#8243; _module_preset=&#8220;default&#8220; global_colors_info=&#8220;{}&#8220;][\/et_pb_contact_field][\/et_pb_contact_form][\/et_pb_column][\/et_pb_row][\/et_pb_section]<\/p>\n","protected":false},"excerpt":{"rendered":"<p>K\u00fcndigungSo kannst du deine Lizenz deaktivierenBitte beachte, dass nach K\u00fcndigung die Fahrtenaufzeichnung beendet wird.Bitte f\u00fclle das nachstehende Formular aus<\/p>\n","protected":false},"author":1,"featured_media":0,"parent":2257,"menu_order":0,"comment_status":"closed","ping_status":"closed","template":"","meta":{"_et_pb_use_builder":"on","_et_pb_old_content":"","_et_gb_content_width":"","footnotes":""},"dipi_cpt_category":[],"class_list":["post-84752","page","type-page","status-publish","hentry"],"yoast_head":"<!-- This site is optimized with the Yoast SEO plugin v27.4 - https:\/\/yoast.com\/product\/yoast-seo-wordpress\/ -->\n<title>K\u00fcndigung - Elektronisches Fahrtenbuch AutoLogg<\/title>\n<meta name=\"robots\" content=\"index, follow, max-snippet:-1, max-image-preview:large, max-video-preview:-1\" \/>\n<link rel=\"canonical\" href=\"https:\/\/www.autologg.com\/de\/support\/kuendigung\/\" \/>\n<meta property=\"og:locale\" content=\"de_DE\" \/>\n<meta property=\"og:type\" content=\"article\" \/>\n<meta property=\"og:title\" content=\"K\u00fcndigung - Elektronisches Fahrtenbuch AutoLogg\" \/>\n<meta property=\"og:description\" content=\"K\u00fcndigungSo kannst du deine Lizenz deaktivierenBitte beachte, dass nach K\u00fcndigung die Fahrtenaufzeichnung beendet wird.Bitte f\u00fclle das nachstehende Formular aus\" \/>\n<meta property=\"og:url\" content=\"https:\/\/www.autologg.com\/de\/support\/kuendigung\/\" \/>\n<meta property=\"og:site_name\" content=\"Elektronisches Fahrtenbuch AutoLogg\" \/>\n<meta name=\"twitter:card\" content=\"summary_large_image\" \/>\n<script type=\"application\/ld+json\" class=\"yoast-schema-graph\">{\"@context\":\"https:\\\/\\\/schema.org\",\"@graph\":[{\"@type\":\"WebPage\",\"@id\":\"https:\\\/\\\/www.autologg.com\\\/support\\\/kuendigung\\\/\",\"url\":\"https:\\\/\\\/www.autologg.com\\\/support\\\/kuendigung\\\/\",\"name\":\"K\u00fcndigung - Elektronisches Fahrtenbuch AutoLogg\",\"isPartOf\":{\"@id\":\"https:\\\/\\\/www.autologg.com\\\/#website\"},\"datePublished\":\"2024-11-26T15:13:58+00:00\",\"breadcrumb\":{\"@id\":\"https:\\\/\\\/www.autologg.com\\\/support\\\/kuendigung\\\/#breadcrumb\"},\"inLanguage\":\"de\",\"potentialAction\":[{\"@type\":\"ReadAction\",\"target\":[\"https:\\\/\\\/www.autologg.com\\\/support\\\/kuendigung\\\/\"]}]},{\"@type\":\"BreadcrumbList\",\"@id\":\"https:\\\/\\\/www.autologg.com\\\/support\\\/kuendigung\\\/#breadcrumb\",\"itemListElement\":[{\"@type\":\"ListItem\",\"position\":1,\"name\":\"Startseite\",\"item\":\"https:\\\/\\\/www.autologg.com\\\/de\\\/\"},{\"@type\":\"ListItem\",\"position\":2,\"name\":\"Support\",\"item\":\"https:\\\/\\\/www.autologg.com\\\/support\\\/\"},{\"@type\":\"ListItem\",\"position\":3,\"name\":\"K\u00fcndigung\"}]},{\"@type\":\"WebSite\",\"@id\":\"https:\\\/\\\/www.autologg.com\\\/#website\",\"url\":\"https:\\\/\\\/www.autologg.com\\\/\",\"name\":\"Elektronisches Fahrtenbuch AutoLogg\",\"description\":\"Elektronisches Fahrtenbuch von AutoLogg - Fahrten loggen in Sekunden\",\"potentialAction\":[{\"@type\":\"SearchAction\",\"target\":{\"@type\":\"EntryPoint\",\"urlTemplate\":\"https:\\\/\\\/www.autologg.com\\\/?s={search_term_string}\"},\"query-input\":{\"@type\":\"PropertyValueSpecification\",\"valueRequired\":true,\"valueName\":\"search_term_string\"}}],\"inLanguage\":\"de\"}]}<\/script>\n<!-- \/ Yoast SEO plugin. -->","yoast_head_json":{"title":"K\u00fcndigung - Elektronisches Fahrtenbuch AutoLogg","robots":{"index":"index","follow":"follow","max-snippet":"max-snippet:-1","max-image-preview":"max-image-preview:large","max-video-preview":"max-video-preview:-1"},"canonical":"https:\/\/www.autologg.com\/de\/support\/kuendigung\/","og_locale":"de_DE","og_type":"article","og_title":"K\u00fcndigung - Elektronisches Fahrtenbuch AutoLogg","og_description":"K\u00fcndigungSo kannst du deine Lizenz deaktivierenBitte beachte, dass nach K\u00fcndigung die Fahrtenaufzeichnung beendet wird.Bitte f\u00fclle das nachstehende Formular aus","og_url":"https:\/\/www.autologg.com\/de\/support\/kuendigung\/","og_site_name":"Elektronisches Fahrtenbuch AutoLogg","twitter_card":"summary_large_image","schema":{"@context":"https:\/\/schema.org","@graph":[{"@type":"WebPage","@id":"https:\/\/www.autologg.com\/support\/kuendigung\/","url":"https:\/\/www.autologg.com\/support\/kuendigung\/","name":"K\u00fcndigung - Elektronisches Fahrtenbuch AutoLogg","isPartOf":{"@id":"https:\/\/www.autologg.com\/#website"},"datePublished":"2024-11-26T15:13:58+00:00","breadcrumb":{"@id":"https:\/\/www.autologg.com\/support\/kuendigung\/#breadcrumb"},"inLanguage":"de","potentialAction":[{"@type":"ReadAction","target":["https:\/\/www.autologg.com\/support\/kuendigung\/"]}]},{"@type":"BreadcrumbList","@id":"https:\/\/www.autologg.com\/support\/kuendigung\/#breadcrumb","itemListElement":[{"@type":"ListItem","position":1,"name":"Startseite","item":"https:\/\/www.autologg.com\/de\/"},{"@type":"ListItem","position":2,"name":"Support","item":"https:\/\/www.autologg.com\/support\/"},{"@type":"ListItem","position":3,"name":"K\u00fcndigung"}]},{"@type":"WebSite","@id":"https:\/\/www.autologg.com\/#website","url":"https:\/\/www.autologg.com\/","name":"Elektronisches Fahrtenbuch AutoLogg","description":"Elektronisches Fahrtenbuch von AutoLogg - Fahrten loggen in Sekunden","potentialAction":[{"@type":"SearchAction","target":{"@type":"EntryPoint","urlTemplate":"https:\/\/www.autologg.com\/?s={search_term_string}"},"query-input":{"@type":"PropertyValueSpecification","valueRequired":true,"valueName":"search_term_string"}}],"inLanguage":"de"}]}},"_links":{"self":[{"href":"https:\/\/www.autologg.com\/de\/wp-json\/wp\/v2\/pages\/84752","targetHints":{"allow":["GET"]}}],"collection":[{"href":"https:\/\/www.autologg.com\/de\/wp-json\/wp\/v2\/pages"}],"about":[{"href":"https:\/\/www.autologg.com\/de\/wp-json\/wp\/v2\/types\/page"}],"author":[{"embeddable":true,"href":"https:\/\/www.autologg.com\/de\/wp-json\/wp\/v2\/users\/1"}],"replies":[{"embeddable":true,"href":"https:\/\/www.autologg.com\/de\/wp-json\/wp\/v2\/comments?post=84752"}],"version-history":[{"count":10,"href":"https:\/\/www.autologg.com\/de\/wp-json\/wp\/v2\/pages\/84752\/revisions"}],"predecessor-version":[{"id":85061,"href":"https:\/\/www.autologg.com\/de\/wp-json\/wp\/v2\/pages\/84752\/revisions\/85061"}],"up":[{"embeddable":true,"href":"https:\/\/www.autologg.com\/de\/wp-json\/wp\/v2\/pages\/2257"}],"wp:attachment":[{"href":"https:\/\/www.autologg.com\/de\/wp-json\/wp\/v2\/media?parent=84752"}],"wp:term":[{"taxonomy":"dipi_cpt_category","embeddable":true,"href":"https:\/\/www.autologg.com\/de\/wp-json\/wp\/v2\/dipi_cpt_category?post=84752"}],"curies":[{"name":"wp","href":"https:\/\/api.w.org\/{rel}","templated":true}]}}